{"id":3795,"date":"2022-04-01T20:14:16","date_gmt":"2022-04-01T18:14:16","guid":{"rendered":"https:\/\/conccordcars.com\/?page_id=3795"},"modified":"2025-08-07T16:49:53","modified_gmt":"2025-08-07T14:49:53","slug":"useful-links","status":"publish","type":"page","link":"https:\/\/conccordcars.com\/es\/useful-links\/","title":{"rendered":"Enlaces de inter\u00e9s"},"content":{"rendered":"<h2 class=\"wp-block-heading\" style=\"margin-top:var(--wp--preset--spacing--30);margin-right:0;margin-bottom:var(--wp--preset--spacing--30);margin-left:0;padding-right:var(--wp--preset--spacing--20);padding-left:var(--wp--preset--spacing--20)\"><strong>Bienvenido a Conccordcars<\/strong><\/h2>\n\n\n\n<p style=\"margin-right:0;margin-bottom:var(--wp--preset--spacing--60);margin-left:0\">Somos una empresa de alquiler de veh\u00edculos comprometidos en ofrecerte movilidad con comodidad y confianza.<br>Aqu\u00ed encontrar\u00e1s nuestros enlaces m\u00e1s \u00fatiles, reunidos en un solo lugar.<br>Elige el que necesites, estamos a un clic de distancia.<\/p>\n\n\n\n<div class=\"wp-block-uagb-marketing-button uagb-marketing-btn__align-center uagb-marketing-btn__align-text-center uagb-marketing-btn__icon-after uagb-block-ac5b9ded wp-block-button\"><a href=\"https:\/\/www.facebook.com\/conccordcars\/\" class=\"uagb-marketing-btn__link wp-block-button__link\" target=\"_blank\" rel=\"noopener noreferrer\"><h2 class=\"uagb-marketing-btn__title\">Facebook<\/h2><svg xmlns=\"https:\/\/www.w3.org\/2000\/svg\" viewbox=\"0 0 512 512\"><path d=\"M504 256C504 119 393 8 256 8S8 119 8 256c0 123.8 90.69 226.4 209.3 245V327.7h-63V256h63v-54.64c0-62.15 37-96.48 93.67-96.48 27.14 0 55.52 4.84 55.52 4.84v61h-31.28c-30.8 0-40.41 19.12-40.41 38.73V256h68.78l-11 71.69h-57.78V501C413.3 482.4 504 379.8 504 256z\"><\/path><\/svg><p class=\"uagb-marketing-btn__prefix\">\u00danete a nosotros en Facebook<\/p><\/a><\/div>\n\n\n\n<div style=\"height:20px\" aria-hidden=\"true\" class=\"wp-block-spacer\"><\/div>\n\n\n\n<div class=\"wp-block-uagb-marketing-button uagb-marketing-btn__align-center uagb-marketing-btn__align-text-center uagb-marketing-btn__icon-after uagb-block-80b41f02 wp-block-button\"><a href=\"https:\/\/www.instagram.com\/conccordcars_mediterraneo\/\" class=\"uagb-marketing-btn__link wp-block-button__link\" target=\"_blank\" rel=\"noopener noreferrer\"><h2 class=\"uagb-marketing-btn__title\">Instagram<\/h2><svg xmlns=\"https:\/\/www.w3.org\/2000\/svg\" viewbox=\"0 0 448 512\"><path d=\"M224 202.7A53.34 53.34 0 1 0 277.4 256 53.38 53.38 0 0 0 224 202.7zm124.7-41a54 54 0 0 0 -30.41-30.41c-21-8.29-71-6.43-94.3-6.43s-73.25-1.93-94.31 6.43a54 54 0 0 0 -30.41 30.41c-8.28 21-6.43 71.05-6.43 94.33S91 329.3 99.32 350.3a54 54 0 0 0 30.41 30.41c21 8.29 71 6.43 94.31 6.43s73.24 1.93 94.3-6.43a54 54 0 0 0 30.41-30.41c8.35-21 6.43-71.05 6.43-94.33S357.1 182.7 348.8 161.7zM224 338a82 82 0 1 1 82-82A81.9 81.9 0 0 1 224 338zm85.38-148.3a19.14 19.14 0 1 1 19.13-19.14A19.1 19.1 0 0 1 309.4 189.7zM400 32H48A48 48 0 0 0 0 80V432a48 48 0 0 0 48 48H400a48 48 0 0 0 48-48V80A48 48 0 0 0 400 32zM382.9 322c-1.29 25.63-7.14 48.34-25.85 67s-41.4 24.63-67 25.85c-26.41 1.49-105.6 1.49-132 0-25.63-1.29-48.26-7.15-67-25.85s-24.63-41.42-25.85-67c-1.49-26.42-1.49-105.6 0-132 1.29-25.63 7.07-48.34 25.85-67s41.47-24.56 67-25.78c26.41-1.49 105.6-1.49 132 0 25.63 1.29 48.33 7.15 67 25.85s24.63 41.42 25.85 67.05C384.4 216.4 384.4 295.6 382.9 322z\"><\/path><\/svg><p class=\"uagb-marketing-btn__prefix\">S\u00edguenos en Instagram<\/p><\/a><\/div>\n\n\n\n<div style=\"height:20px\" aria-hidden=\"true\" class=\"wp-block-spacer\"><\/div>\n\n\n\n<div class=\"wp-block-uagb-marketing-button uagb-marketing-btn__align-center uagb-marketing-btn__align-text-center uagb-marketing-btn__icon-after uagb-block-4048e3cf wp-block-button\"><a href=\"https:\/\/www.linkedin.com\/company\/conccordcars-mediterr\u00e1neo\/?viewAsMember=true\" class=\"uagb-marketing-btn__link wp-block-button__link\" target=\"_blank\" rel=\"noopener noreferrer\"><h2 class=\"uagb-marketing-btn__title\">Linkedin<\/h2><svg xmlns=\"https:\/\/www.w3.org\/2000\/svg\" viewbox=\"0 0 448 512\"><path d=\"M416 32H31.9C14.3 32 0 46.5 0 64.3v383.4C0 465.5 14.3 480 31.9 480H416c17.6 0 32-14.5 32-32.3V64.3c0-17.8-14.4-32.3-32-32.3zM135.4 416H69V202.2h66.5V416zm-33.2-243c-21.3 0-38.5-17.3-38.5-38.5S80.9 96 102.2 96c21.2 0 38.5 17.3 38.5 38.5 0 21.3-17.2 38.5-38.5 38.5zm282.1 243h-66.4V312c0-24.8-.5-56.7-34.5-56.7-34.6 0-39.9 27-39.9 54.9V416h-66.4V202.2h63.7v29.2h.9c8.9-16.8 30.6-34.5 62.9-34.5 67.2 0 79.7 44.3 79.7 101.9V416z\"><\/path><\/svg><p class=\"uagb-marketing-btn__prefix\">\u00danete a nosotros en Linkedin<\/p><\/a><\/div>\n\n\n\n<div style=\"height:20px\" aria-hidden=\"true\" class=\"wp-block-spacer\"><\/div>\n\n\n\n<div class=\"wp-block-uagb-marketing-button uagb-marketing-btn__align-center uagb-marketing-btn__align-text-center uagb-marketing-btn__icon-after uagb-block-42d1f7f3 wp-block-button\"><a href=\"https:\/\/conccordcars.com\/es\/car-hire-fleet\/\" class=\"uagb-marketing-btn__link wp-block-button__link\" target=\"_blank\" rel=\"noopener noreferrer\"><h2 class=\"uagb-marketing-btn__title\">Reserva tu coche<\/h2><svg xmlns=\"https:\/\/www.w3.org\/2000\/svg\" viewbox=\"0 0 512 512\"><path d=\"M39.61 196.8L74.8 96.29C88.27 57.78 124.6 32 165.4 32H346.6C387.4 32 423.7 57.78 437.2 96.29L472.4 196.8C495.6 206.4 512 229.3 512 256V448C512 465.7 497.7 480 480 480H448C430.3 480 416 465.7 416 448V400H96V448C96 465.7 81.67 480 64 480H32C14.33 480 0 465.7 0 448V256C0 229.3 16.36 206.4 39.61 196.8V196.8zM109.1 192H402.9L376.8 117.4C372.3 104.6 360.2 96 346.6 96H165.4C151.8 96 139.7 104.6 135.2 117.4L109.1 192zM96 256C78.33 256 64 270.3 64 288C64 305.7 78.33 320 96 320C113.7 320 128 305.7 128 288C128 270.3 113.7 256 96 256zM416 320C433.7 320 448 305.7 448 288C448 270.3 433.7 256 416 256C398.3 256 384 270.3 384 288C384 305.7 398.3 320 416 320z\"><\/path><\/svg><p class=\"uagb-marketing-btn__prefix\">Encuentra el coche perfecto para ti<\/p><\/a><\/div>\n\n\n\n<div style=\"height:20px\" aria-hidden=\"true\" class=\"wp-block-spacer\"><\/div>\n\n\n\n<div class=\"wp-block-uagb-marketing-button uagb-marketing-btn__align-center uagb-marketing-btn__align-text-center uagb-marketing-btn__icon-after uagb-block-5af1ccce wp-block-button\"><a href=\"https:\/\/conccordcars.com\/es\/car-hire-faqs\/\" class=\"uagb-marketing-btn__link wp-block-button__link\" target=\"_blank\" rel=\"noopener noreferrer\"><h2 class=\"uagb-marketing-btn__title\">FAQ's<\/h2><svg xmlns=\"https:\/\/www.w3.org\/2000\/svg\" viewbox=\"0 0 512 512\"><path d=\"M256 0C114.6 0 0 114.6 0 256s114.6 256 256 256s256-114.6 256-256S397.4 0 256 0zM256 400c-18 0-32-14-32-32s13.1-32 32-32c17.1 0 32 14 32 32S273.1 400 256 400zM325.1 258L280 286V288c0 13-11 24-24 24S232 301 232 288V272c0-8 4-16 12-21l57-34C308 213 312 206 312 198C312 186 301.1 176 289.1 176h-51.1C225.1 176 216 186 216 198c0 13-11 24-24 24s-24-11-24-24C168 159 199 128 237.1 128h51.1C329 128 360 159 360 198C360 222 347 245 325.1 258z\"><\/path><\/svg><p class=\"uagb-marketing-btn__prefix\">\u00bfTienes alguna duda? Encuentra la respuesta<\/p><\/a><\/div>\n\n\n\n<div style=\"height:20px\" aria-hidden=\"true\" class=\"wp-block-spacer\"><\/div>\n\n\n\n<div class=\"wp-block-uagb-marketing-button uagb-marketing-btn__align-center uagb-marketing-btn__align-text-center uagb-marketing-btn__icon-after uagb-block-065f73ba wp-block-button\"><a href=\"https:\/\/conccordcars.com\/es\/contact-us\/\" class=\"uagb-marketing-btn__link wp-block-button__link\" target=\"_blank\" rel=\"noopener noreferrer\"><h2 class=\"uagb-marketing-btn__title\">Contactanos<\/h2><svg xmlns=\"https:\/\/www.w3.org\/2000\/svg\" viewbox=\"0 0 512 512\"><path d=\"M256 31.1c-141.4 0-255.1 93.12-255.1 208c0 49.62 21.35 94.98 56.97 130.7c-12.5 50.37-54.27 95.27-54.77 95.77c-2.25 2.25-2.875 5.734-1.5 8.734c1.249 3 4.021 4.766 7.271 4.766c66.25 0 115.1-31.76 140.6-51.39c32.63 12.25 69.02 19.39 107.4 19.39c141.4 0 255.1-93.13 255.1-207.1S397.4 31.1 256 31.1zM127.1 271.1c-17.75 0-32-14.25-32-31.1s14.25-32 32-32s32 14.25 32 32S145.7 271.1 127.1 271.1zM256 271.1c-17.75 0-31.1-14.25-31.1-31.1s14.25-32 31.1-32s31.1 14.25 31.1 32S273.8 271.1 256 271.1zM383.1 271.1c-17.75 0-32-14.25-32-31.1s14.25-32 32-32s32 14.25 32 32S401.7 271.1 383.1 271.1z\"><\/path><\/svg><p class=\"uagb-marketing-btn__prefix\">Preg\u00fantanos todo cuanto necesites<\/p><\/a><\/div>\n\n\n\n<div style=\"height:20px\" aria-hidden=\"true\" class=\"wp-block-spacer\"><\/div>","protected":false},"excerpt":{"rendered":"<p>Welcome to Conccordcars We\u2019re a car hire company dedicated to providing you with comfort and reliability on the road.Here you\u2019ll [&hellip;]<\/p>\n","protected":false},"author":4,"featured_media":4391,"parent":0,"menu_order":0,"comment_status":"closed","ping_status":"closed","template":"","meta":{"_uag_custom_page_level_css":"","site-sidebar-layout":"no-sidebar","site-content-layout":"plain-container","ast-site-content-layout":"normal-width-container","site-content-style":"unboxed","site-sidebar-style":"unboxed","ast-global-header-display":"","ast-banner-title-visibility":"","ast-main-header-display":"","ast-hfb-above-header-display":"","ast-hfb-below-header-display":"","ast-hfb-mobile-header-display":"","site-post-title":"disabled","ast-breadcrumbs-content":"","ast-featured-img":"disabled","footer-sml-layout":"","ast-disable-related-posts":"","theme-transparent-header-meta":"","adv-header-id-meta":"","stick-header-meta":"","header-above-stick-meta":"","header-main-stick-meta":"","header-below-stick-meta":"","astra-migrate-meta-layouts":"set","ast-page-background-enabled":"default","ast-page-background-meta":{"desktop":{"background-color":"var(--ast-global-color-4)","background-image":"","background-repeat":"repeat","background-position":"center center","background-size":"auto","background-attachment":"scroll","background-type":"","background-media":"","overlay-type":"","overlay-color":"","overlay-opacity":"","overlay-gradient":""},"tablet":{"background-color":"","background-image":"","background-repeat":"repeat","background-position":"center center","background-size":"auto","background-attachment":"scroll","background-type":"","background-media":"","overlay-type":"","overlay-color":"","overlay-opacity":"","overlay-gradient":""},"mobile":{"background-color":"","background-image":"","background-repeat":"repeat","background-position":"center center","background-size":"auto","background-attachment":"scroll","background-type":"","background-media":"","overlay-type":"","overlay-color":"","overlay-opacity":"","overlay-gradient":""}},"ast-content-background-meta":{"desktop":{"background-color":"var(--ast-global-color-5)","background-image":"","background-repeat":"repeat","background-position":"center center","background-size":"auto","background-attachment":"scroll","background-type":"","background-media":"","overlay-type":"","overlay-color":"","overlay-opacity":"","overlay-gradient":""},"tablet":{"background-color":"var(--ast-global-color-5)","background-image":"","background-repeat":"repeat","background-position":"center center","background-size":"auto","background-attachment":"scroll","background-type":"","background-media":"","overlay-type":"","overlay-color":"","overlay-opacity":"","overlay-gradient":""},"mobile":{"background-color":"var(--ast-global-color-5)","background-image":"","background-repeat":"repeat","background-position":"center center","background-size":"auto","background-attachment":"scroll","background-type":"","background-media":"","overlay-type":"","overlay-color":"","overlay-opacity":"","overlay-gradient":""}},"_joinchat":[],"footnotes":""},"class_list":["post-3795","page","type-page","status-publish","has-post-thumbnail","hentry"],"uagb_featured_image_src":{"full":["https:\/\/conccordcars.com\/wp-content\/uploads\/2023\/01\/links.jpg",226,220,false],"thumbnail":["https:\/\/conccordcars.com\/wp-content\/uploads\/2023\/01\/links.jpg",226,220,false],"medium":["https:\/\/conccordcars.com\/wp-content\/uploads\/2023\/01\/links.jpg",226,220,false],"medium_large":["https:\/\/conccordcars.com\/wp-content\/uploads\/2023\/01\/links.jpg",226,220,false],"large":["https:\/\/conccordcars.com\/wp-content\/uploads\/2023\/01\/links.jpg",226,220,false],"1536x1536":["https:\/\/conccordcars.com\/wp-content\/uploads\/2023\/01\/links.jpg",226,220,false],"2048x2048":["https:\/\/conccordcars.com\/wp-content\/uploads\/2023\/01\/links.jpg",226,220,false],"trp-custom-language-flag":["https:\/\/conccordcars.com\/wp-content\/uploads\/2023\/01\/links-12x12.jpg",12,12,true]},"uagb_author_info":{"display_name":"Javier","author_link":"https:\/\/conccordcars.com\/es\/news\/author\/javier\/"},"uagb_comment_info":0,"uagb_excerpt":"Welcome to Conccordcars We\u2019re a car hire company dedicated to providing you with comfort and reliability on the road.Here you\u2019ll [&hellip;]","_links":{"self":[{"href":"https:\/\/conccordcars.com\/es\/wp-json\/wp\/v2\/pages\/3795","targetHints":{"allow":["GET"]}}],"collection":[{"href":"https:\/\/conccordcars.com\/es\/wp-json\/wp\/v2\/pages"}],"about":[{"href":"https:\/\/conccordcars.com\/es\/wp-json\/wp\/v2\/types\/page"}],"author":[{"embeddable":true,"href":"https:\/\/conccordcars.com\/es\/wp-json\/wp\/v2\/users\/4"}],"replies":[{"embeddable":true,"href":"https:\/\/conccordcars.com\/es\/wp-json\/wp\/v2\/comments?post=3795"}],"version-history":[{"count":36,"href":"https:\/\/conccordcars.com\/es\/wp-json\/wp\/v2\/pages\/3795\/revisions"}],"predecessor-version":[{"id":8742,"href":"https:\/\/conccordcars.com\/es\/wp-json\/wp\/v2\/pages\/3795\/revisions\/8742"}],"wp:featuredmedia":[{"embeddable":true,"href":"https:\/\/conccordcars.com\/es\/wp-json\/wp\/v2\/media\/4391"}],"wp:attachment":[{"href":"https:\/\/conccordcars.com\/es\/wp-json\/wp\/v2\/media?parent=3795"}],"curies":[{"name":"wp","href":"https:\/\/api.w.org\/{rel}","templated":true}]}}