{"id":8159,"date":"2025-05-04T19:07:43","date_gmt":"2025-05-04T17:07:43","guid":{"rendered":"https:\/\/conccordcars.com\/?page_id=8159"},"modified":"2026-01-14T13:36:04","modified_gmt":"2026-01-14T12:36:04","slug":"car-hire-locations","status":"publish","type":"page","link":"https:\/\/conccordcars.com\/es\/car-hire-locations\/","title":{"rendered":"Car hire Locations"},"content":{"rendered":"<div class=\"wp-block-uagb-advanced-heading uagb-block-48bb77ff\"><h1 class=\"uagb-heading-text\"><strong>Alquiler de coches en La Manga, La Manga Club,  aeropuertos de Murcia y Alicante<\/strong><\/h1><\/div>\n\n\n\n<div class=\"wp-block-uagb-container uagb-block-e8b638a6 alignfull uagb-is-root-container\"><div class=\"uagb-container-inner-blocks-wrap\">\n<div class=\"wp-block-group is-layout-constrained wp-block-group-is-layout-constrained\"><div class=\"wp-block-group__inner-container\">\n<p>Entregamos y recogemos tu coche en La Manga del Mar Menor, La Manga Club y en los aeropuertos de Murcia y Alicante.\nSin colas, sin cargos ocultos y sin complicaciones. Alquiler de coches honesto, con m\u00e1s de 25 a\u00f1os de experiencia local.<\/p>\n\n\n\n<p>Empieces tus vacaciones donde empieces \u2014en el aeropuerto, junto al mar o en un resort de golf\u2014 te entregamos el coche justo donde lo necesitas, sin complicaciones.\nDesde aeropuertos hasta resorts, hacemos que el alquiler de coches en La Manga y alrededores sea sencillo, flexible y sin estr\u00e9s.<\/p>\n<\/div><\/div>\n<\/div><\/div>\n\n\n\n<p class=\"has-medium-font-size\" style=\"padding-left:var(--wp--preset--spacing--40)\"><strong><em>Elige tu ubicaci\u00f3n y descubre c\u00f3mo funciona nuestro servicio en cada \u00e1rea<\/em><\/strong><\/p>\n\n\n\n<div class=\"wp-block-uagb-container uagb-block-3589290b alignfull uagb-is-root-container\"><div class=\"uagb-container-inner-blocks-wrap\">\n<div class=\"wp-block-uagb-container uagb-block-bcd2c919 alignfull uagb-is-root-container\"><div class=\"uagb-container-inner-blocks-wrap\">\n<div class=\"wp-block-uagb-container uagb-block-8fa503b0\">\n<h2 class=\"wp-block-heading\">Aeropuerto de Murcia (RMU)<\/h2>\n\n\n\n<p><strong>Alquiler de coches en el aeropuerto de la Regi\u00f3n de Murcia<\/strong><\/p>\n\n\n\n<p>\u00bfLlegas al Aeropuerto Internacional de la Regi\u00f3n de Murcia (Corvera)?\nTe esperaremos a la salida de la terminal con tu coche listo, para que evites colas, mostradores y traslados en bus de cortes\u00eda. En la mayor\u00eda de los casos, pasan solo unos minutos desde que sales de llegadas hasta que te vas conduciendo.<\/p>\n\n\n\n<div class=\"wp-block-uagb-icon-list uagb-block-e2cfe318\"><div class=\"uagb-icon-list__wrap\">\n<div class=\"wp-block-uagb-icon-list-child uagb-block-0f67ed22\"><span class=\"uagb-icon-list__source-wrap\"><svg xmlns=\"https:\/\/www.w3.org\/2000\/svg\" viewbox=\"0 0 512 512\"><path d=\"M502.6 278.6l-128 128c-12.51 12.51-32.76 12.49-45.25 0c-12.5-12.5-12.5-32.75 0-45.25L402.8 288H32C14.31 288 0 273.7 0 255.1S14.31 224 32 224h370.8l-73.38-73.38c-12.5-12.5-12.5-32.75 0-45.25s32.75-12.5 45.25 0l128 128C515.1 245.9 515.1 266.1 502.6 278.6z\"><\/path><\/svg><\/span><span class=\"uagb-icon-list__label\">Entrega del coche en persona, a la salida de la terminal<\/span><\/div>\n\n\n\n<div class=\"wp-block-uagb-icon-list-child uagb-block-016a303f\"><span class=\"uagb-icon-list__source-wrap\"><svg xmlns=\"https:\/\/www.w3.org\/2000\/svg\" viewbox=\"0 0 512 512\"><path d=\"M502.6 278.6l-128 128c-12.51 12.51-32.76 12.49-45.25 0c-12.5-12.5-12.5-32.75 0-45.25L402.8 288H32C14.31 288 0 273.7 0 255.1S14.31 224 32 224h370.8l-73.38-73.38c-12.5-12.5-12.5-32.75 0-45.25s32.75-12.5 45.25 0l128 128C515.1 245.9 515.1 266.1 502.6 278.6z\"><\/path><\/svg><\/span><span class=\"uagb-icon-list__label\">Elige <strong>CDW (Seguro sin franquicia)<\/strong>: Sin dep\u00f3sito ni cargos inesperados a la llegada<\/span><\/div>\n\n\n\n<div class=\"wp-block-uagb-icon-list-child uagb-block-3c7a6b0d\"><span class=\"uagb-icon-list__source-wrap\"><svg xmlns=\"https:\/\/www.w3.org\/2000\/svg\" viewbox=\"0 0 512 512\"><path d=\"M502.6 278.6l-128 128c-12.51 12.51-32.76 12.49-45.25 0c-12.5-12.5-12.5-32.75 0-45.25L402.8 288H32C14.31 288 0 273.7 0 255.1S14.31 224 32 224h370.8l-73.38-73.38c-12.5-12.5-12.5-32.75 0-45.25s32.75-12.5 45.25 0l128 128C515.1 245.9 515.1 266.1 502.6 278.6z\"><\/path><\/svg><\/span><span class=\"uagb-icon-list__label\">Ideal for stays in La Manga, La Manga Club and nearby resorts<\/span><\/div>\n<\/div><\/div>\n<\/div>\n\n\n\n<div class=\"wp-block-uagb-container uagb-block-9f2d5ce4\">\n<div class=\"wp-block-uagb-image uagb-block-bdb4115d wp-block-uagb-image--layout-default wp-block-uagb-image--effect-static wp-block-uagb-image--align-none\"><figure class=\"wp-block-uagb-image__figure\"><a class=\"\" href=\"https:\/\/conccordcars.com\/es\/car-hire-at-murcia-airport\/\" target=\"\" rel=\"noopener\"><img decoding=\"async\" data-srcset=\"https:\/\/conccordcars.com\/wp-content\/uploads\/2023\/12\/corvera2-500x278.jpg ,https:\/\/conccordcars.com\/wp-content\/uploads\/2023\/12\/corvera2.jpg 780w, https:\/\/conccordcars.com\/wp-content\/uploads\/2023\/12\/corvera2.jpg 360w\" data-sizes=\"auto, (max-width: 480px) 150px\" data-src=\"https:\/\/conccordcars.com\/wp-content\/uploads\/2023\/12\/corvera2-500x278.jpg\" alt=\"Car hire in Murcia Airport\" class=\"uag-image-6285 lazyload\" width=\"428\" height=\"234\" title=\"Alquiler de coches en el Aeropuerto de Murcia\" role=\"img\" src=\"data:image\/svg+xml;base64,PHN2ZyB3aWR0aD0iMSIgaGVpZ2h0PSIxIiB4bWxucz0iaHR0cDovL3d3dy53My5vcmcvMjAwMC9zdmciPjwvc3ZnPg==\" style=\"--smush-placeholder-width: 428px; --smush-placeholder-aspect-ratio: 428\/234;\" \/><\/a><\/figure><\/div>\n\n\n\n<p class=\"has-text-align-center\"><a href=\"https:\/\/conccordcars.com\/es\/car-hire-at-murcia-airport\/\" target=\"_blank\" rel=\"noreferrer noopener\"><strong>Learn more about car hire at Murcia Airport<\/strong><\/a><\/p>\n<\/div>\n<\/div><\/div>\n<\/div><\/div>\n\n\n\n<div class=\"wp-block-uagb-container uagb-block-3878157f alignfull uagb-is-root-container\"><div class=\"uagb-container-inner-blocks-wrap\">\n<div class=\"wp-block-uagb-container uagb-block-acd3ffd3 alignfull uagb-is-root-container\"><div class=\"uagb-container-inner-blocks-wrap\">\n<div class=\"wp-block-uagb-container uagb-block-3a1e1618\">\n<h2 class=\"wp-block-heading\">Aeropuerto de Alicante (ALC)<\/h2>\n\n\n\n<p><strong><strong>M\u00e1s opciones de vuelo, con el mismo servicio local de siempre<\/strong><\/strong><\/p>\n\n\n\n<p>\u00bfLlegas al aeropuerto de Alicante (ALC)?\nAunque es m\u00e1s grande y concurrido que Murcia, recibir\u00e1s el mismo trato personal por parte de nuestro equipo. Acordamos un punto de encuentro a la salida de la terminal y te entregamos el coche listo para salir, con precios claros y cerrados, y sin colas.<\/p>\n\n\n\n<div class=\"wp-block-uagb-icon-list uagb-block-6ba4adc0\"><div class=\"uagb-icon-list__wrap\">\n<div class=\"wp-block-uagb-icon-list-child uagb-block-560661a2\"><span class=\"uagb-icon-list__source-wrap\"><svg xmlns=\"https:\/\/www.w3.org\/2000\/svg\" viewbox=\"0 0 512 512\"><path d=\"M502.6 278.6l-128 128c-12.51 12.51-32.76 12.49-45.25 0c-12.5-12.5-12.5-32.75 0-45.25L402.8 288H32C14.31 288 0 273.7 0 255.1S14.31 224 32 224h370.8l-73.38-73.38c-12.5-12.5-12.5-32.75 0-45.25s32.75-12.5 45.25 0l128 128C515.1 245.9 515.1 266.1 502.6 278.6z\"><\/path><\/svg><\/span><span class=\"uagb-icon-list__label\">Ideal si encuentras vuelos m\u00e1s convenientes o econ\u00f3micos a Alicante<\/span><\/div>\n\n\n\n<div class=\"wp-block-uagb-icon-list-child uagb-block-1cf1a9ec\"><span class=\"uagb-icon-list__source-wrap\"><svg xmlns=\"https:\/\/www.w3.org\/2000\/svg\" viewbox=\"0 0 512 512\"><path d=\"M502.6 278.6l-128 128c-12.51 12.51-32.76 12.49-45.25 0c-12.5-12.5-12.5-32.75 0-45.25L402.8 288H32C14.31 288 0 273.7 0 255.1S14.31 224 32 224h370.8l-73.38-73.38c-12.5-12.5-12.5-32.75 0-45.25s32.75-12.5 45.25 0l128 128C515.1 245.9 515.1 266.1 502.6 278.6z\"><\/path><\/svg><\/span><span class=\"uagb-icon-list__label\">Entrega personal del coche, sin mostradores ni buses lanzadera<\/span><\/div>\n\n\n\n<div class=\"wp-block-uagb-icon-list-child uagb-block-5fbc6c52\"><span class=\"uagb-icon-list__source-wrap\"><svg xmlns=\"https:\/\/www.w3.org\/2000\/svg\" viewbox=\"0 0 512 512\"><path d=\"M502.6 278.6l-128 128c-12.51 12.51-32.76 12.49-45.25 0c-12.5-12.5-12.5-32.75 0-45.25L402.8 288H32C14.31 288 0 273.7 0 255.1S14.31 224 32 224h370.8l-73.38-73.38c-12.5-12.5-12.5-32.75 0-45.25s32.75-12.5 45.25 0l128 128C515.1 245.9 515.1 266.1 502.6 278.6z\"><\/path><\/svg><\/span><span class=\"uagb-icon-list__label\">Un trayecto algo m\u00e1s largo, pero muy agradable, hasta La Manga o La Manga Club<\/span><\/div>\n<\/div><\/div>\n<\/div>\n\n\n\n<div class=\"wp-block-uagb-container uagb-block-519712e2\">\n<div class=\"wp-block-uagb-image uagb-block-97f23302 wp-block-uagb-image--layout-default wp-block-uagb-image--effect-static wp-block-uagb-image--align-none\"><figure class=\"wp-block-uagb-image__figure\"><a class=\"\" href=\"https:\/\/conccordcars.com\/es\/car-hire-at-alicante-airport\/\" target=\"\" rel=\"noopener\"><img decoding=\"async\" data-srcset=\"https:\/\/conccordcars.com\/wp-content\/uploads\/2023\/12\/ALC-1024x576.jpg ,https:\/\/conccordcars.com\/wp-content\/uploads\/2023\/12\/ALC.jpg 780w, https:\/\/conccordcars.com\/wp-content\/uploads\/2023\/12\/ALC.jpg 360w\" data-sizes=\"auto, (max-width: 480px) 150px\" data-src=\"https:\/\/conccordcars.com\/wp-content\/uploads\/2023\/12\/ALC-1024x576.jpg\" alt=\"car hire at alicante airport\" class=\"uag-image-6368 lazyload\" width=\"417\" height=\"231\" title=\"car hire at alicante airport\" role=\"img\" src=\"data:image\/svg+xml;base64,PHN2ZyB3aWR0aD0iMSIgaGVpZ2h0PSIxIiB4bWxucz0iaHR0cDovL3d3dy53My5vcmcvMjAwMC9zdmciPjwvc3ZnPg==\" style=\"--smush-placeholder-width: 417px; --smush-placeholder-aspect-ratio: 417\/231;\" \/><\/a><\/figure><\/div>\n\n\n\n<p class=\"has-text-align-center\"><a href=\"https:\/\/conccordcars.com\/es\/car-hire-at-alicante-airport\/\" target=\"_blank\" rel=\"noreferrer noopener\"><\/a><strong><a href=\"https:\/\/conccordcars.com\/es\/car-hire-at-alicante-airport\/\" target=\"_blank\" rel=\"noreferrer noopener\">M\u00e1s informaci\u00f3n sobre nuestro servicio de alquiler de coches en el aeropuerto de Alicante<\/a><\/strong><\/p>\n<\/div>\n<\/div><\/div>\n<\/div><\/div>\n\n\n\n<div class=\"wp-block-uagb-container uagb-block-37f352e0 alignfull uagb-is-root-container\"><div class=\"uagb-container-inner-blocks-wrap\">\n<div class=\"wp-block-uagb-container uagb-block-6a41ea12 alignfull uagb-is-root-container\"><div class=\"uagb-container-inner-blocks-wrap\">\n<div class=\"wp-block-uagb-container uagb-block-ee2d5530\">\n<h2 class=\"wp-block-heading\">La Manga del Mar Menor<\/h2>\n\n\n\n<p><strong><strong><strong>Entrega directa del coche en tu alojamiento vacacional<\/strong><\/strong><\/strong><\/p>\n\n\n\n<p>\u00bfTe alojas junto al mar en La Manga del Mar Menor?\nTe entregamos el coche directamente en tu apartamento, hotel o villa, para que empieces tus vacaciones sin complicaciones. El veh\u00edculo llega limpio, con combustible y listo para que explores playas, restaurantes y pueblos cercanos.<\/p>\n\n\n\n<div class=\"wp-block-uagb-icon-list uagb-block-c43a00ee\"><div class=\"uagb-icon-list__wrap\">\n<div class=\"wp-block-uagb-icon-list-child uagb-block-6d02d1b6\"><span class=\"uagb-icon-list__source-wrap\"><svg xmlns=\"https:\/\/www.w3.org\/2000\/svg\" viewbox=\"0 0 512 512\"><path d=\"M502.6 278.6l-128 128c-12.51 12.51-32.76 12.49-45.25 0c-12.5-12.5-12.5-32.75 0-45.25L402.8 288H32C14.31 288 0 273.7 0 255.1S14.31 224 32 224h370.8l-73.38-73.38c-12.5-12.5-12.5-32.75 0-45.25s32.75-12.5 45.25 0l128 128C515.1 245.9 515.1 266.1 502.6 278.6z\"><\/path><\/svg><\/span><span class=\"uagb-icon-list__label\">Entrega y recogida sin coste en toda La Manga del Mar Menor<\/span><\/div>\n\n\n\n<div class=\"wp-block-uagb-icon-list-child uagb-block-c4dfa01a\"><span class=\"uagb-icon-list__source-wrap\"><svg xmlns=\"https:\/\/www.w3.org\/2000\/svg\" viewbox=\"0 0 512 512\"><path d=\"M502.6 278.6l-128 128c-12.51 12.51-32.76 12.49-45.25 0c-12.5-12.5-12.5-32.75 0-45.25L402.8 288H32C14.31 288 0 273.7 0 255.1S14.31 224 32 224h370.8l-73.38-73.38c-12.5-12.5-12.5-32.75 0-45.25s32.75-12.5 45.25 0l128 128C515.1 245.9 515.1 266.1 502.6 278.6z\"><\/path><\/svg><\/span><span class=\"uagb-icon-list__label\">Ideal para familias y estancias largas, sin necesidad de traslados<\/span><\/div>\n\n\n\n<div class=\"wp-block-uagb-icon-list-child uagb-block-c0dccc57\"><span class=\"uagb-icon-list__source-wrap\"><svg xmlns=\"https:\/\/www.w3.org\/2000\/svg\" viewbox=\"0 0 512 512\"><path d=\"M502.6 278.6l-128 128c-12.51 12.51-32.76 12.49-45.25 0c-12.5-12.5-12.5-32.75 0-45.25L402.8 288H32C14.31 288 0 273.7 0 255.1S14.31 224 32 224h370.8l-73.38-73.38c-12.5-12.5-12.5-32.75 0-45.25s32.75-12.5 45.25 0l128 128C515.1 245.9 515.1 266.1 502.6 278.6z\"><\/path><\/svg><\/span><span class=\"uagb-icon-list__label\">Equipo local disponible si necesitas ayuda durante tu alquiler<\/span><\/div>\n<\/div><\/div>\n<\/div>\n\n\n\n<div class=\"wp-block-uagb-container uagb-block-0d1918bb\">\n<div class=\"wp-block-uagb-image uagb-block-c3c7cd28 wp-block-uagb-image--layout-default wp-block-uagb-image--effect-static wp-block-uagb-image--align-none\"><figure class=\"wp-block-uagb-image__figure\"><a class=\"\" href=\"https:\/\/conccordcars.com\/es\/car-hire-in-la-manga\/\" target=\"\" rel=\"noopener\"><img decoding=\"async\" data-srcset=\"https:\/\/conccordcars.com\/wp-content\/uploads\/2023\/12\/La_manga2.jpeg ,https:\/\/conccordcars.com\/wp-content\/uploads\/2023\/12\/La_manga2.jpeg 780w, https:\/\/conccordcars.com\/wp-content\/uploads\/2023\/12\/La_manga2.jpeg 360w\" data-sizes=\"auto, (max-width: 480px) 150px\" data-src=\"https:\/\/conccordcars.com\/wp-content\/uploads\/2023\/12\/La_manga2.jpeg\" alt=\"Car hire in La Manga\" class=\"uag-image-6296 lazyload\" width=\"401\" height=\"218\" title=\"La_manga\" role=\"img\" src=\"data:image\/svg+xml;base64,PHN2ZyB3aWR0aD0iMSIgaGVpZ2h0PSIxIiB4bWxucz0iaHR0cDovL3d3dy53My5vcmcvMjAwMC9zdmciPjwvc3ZnPg==\" style=\"--smush-placeholder-width: 401px; --smush-placeholder-aspect-ratio: 401\/218;\" \/><\/a><\/figure><\/div>\n\n\n\n<p class=\"has-text-align-center\"><a href=\"https:\/\/conccordcars.com\/es\/car-hire-in-la-manga\/\"><strong><strong>M\u00e1s informaci\u00f3n sobre el alquiler de coches en La Manga<\/strong><\/strong><\/a><\/p>\n<\/div>\n<\/div><\/div>\n<\/div><\/div>\n\n\n\n<div class=\"wp-block-uagb-container uagb-block-899df566 alignfull uagb-is-root-container\"><div class=\"uagb-container-inner-blocks-wrap\">\n<div class=\"wp-block-uagb-container uagb-block-6124e042 alignfull uagb-is-root-container\"><div class=\"uagb-container-inner-blocks-wrap\">\n<div class=\"wp-block-uagb-container uagb-block-84715593\">\n<h2 class=\"wp-block-heading\">La Manga Club Resort<\/h2>\n\n\n\n<p><strong><strong><strong><strong>Alquiler de coches pensado para golfistas y familias<\/strong><\/strong><\/strong><\/strong><\/p>\n\n\n\n<p>Si te alojas en La Manga Club Resort, disponer de un coche facilita mucho los desplazamientos entre tu villa, los campos de golf, el centro de tenis y las playas cercanas. Te entregamos el coche directamente en tu alojamiento o en un punto de encuentro acordado, para que puedas cargar el equipaje y las bolsas de golf con total comodidad.<\/p>\n\n\n\n<div class=\"wp-block-uagb-icon-list uagb-block-cd80a3d5\"><div class=\"uagb-icon-list__wrap\">\n<div class=\"wp-block-uagb-icon-list-child uagb-block-422fea70\"><span class=\"uagb-icon-list__source-wrap\"><svg xmlns=\"https:\/\/www.w3.org\/2000\/svg\" viewbox=\"0 0 512 512\"><path d=\"M502.6 278.6l-128 128c-12.51 12.51-32.76 12.49-45.25 0c-12.5-12.5-12.5-32.75 0-45.25L402.8 288H32C14.31 288 0 273.7 0 255.1S14.31 224 32 224h370.8l-73.38-73.38c-12.5-12.5-12.5-32.75 0-45.25s32.75-12.5 45.25 0l128 128C515.1 245.9 515.1 266.1 502.6 278.6z\"><\/path><\/svg><\/span><span class=\"uagb-icon-list__label\">Entrega y recogida sin coste dentro de La Manga Club Resort<\/span><\/div>\n\n\n\n<div class=\"wp-block-uagb-icon-list-child uagb-block-e7fdb313\"><span class=\"uagb-icon-list__source-wrap\"><svg xmlns=\"https:\/\/www.w3.org\/2000\/svg\" viewbox=\"0 0 512 512\"><path d=\"M502.6 278.6l-128 128c-12.51 12.51-32.76 12.49-45.25 0c-12.5-12.5-12.5-32.75 0-45.25L402.8 288H32C14.31 288 0 273.7 0 255.1S14.31 224 32 224h370.8l-73.38-73.38c-12.5-12.5-12.5-32.75 0-45.25s32.75-12.5 45.25 0l128 128C515.1 245.9 515.1 266.1 502.6 278.6z\"><\/path><\/svg><\/span><span class=\"uagb-icon-list__label\">Ideal para golfistas, grupos deportivos y familias<\/span><\/div>\n\n\n\n<div class=\"wp-block-uagb-icon-list-child uagb-block-3415f935\"><span class=\"uagb-icon-list__source-wrap\"><svg xmlns=\"https:\/\/www.w3.org\/2000\/svg\" viewbox=\"0 0 512 512\"><path d=\"M502.6 278.6l-128 128c-12.51 12.51-32.76 12.49-45.25 0c-12.5-12.5-12.5-32.75 0-45.25L402.8 288H32C14.31 288 0 273.7 0 255.1S14.31 224 32 224h370.8l-73.38-73.38c-12.5-12.5-12.5-32.75 0-45.25s32.75-12.5 45.25 0l128 128C515.1 245.9 515.1 266.1 502.6 278.6z\"><\/path><\/svg><\/span><span class=\"uagb-icon-list__label\">Sin buses lanzadera ni traslados: el coche va hasta ti<\/span><\/div>\n<\/div><\/div>\n<\/div>\n\n\n\n<div class=\"wp-block-uagb-container uagb-block-00b00632\">\n<div class=\"wp-block-uagb-image uagb-block-4a331d03 wp-block-uagb-image--layout-default wp-block-uagb-image--effect-static wp-block-uagb-image--align-none\"><figure class=\"wp-block-uagb-image__figure\"><a class=\"\" href=\"https:\/\/conccordcars.com\/es\/car-hire-in-la-manga-club\/\" target=\"\" rel=\"noopener\"><img decoding=\"async\" data-srcset=\"https:\/\/conccordcars.com\/wp-content\/uploads\/2023\/12\/lmc2.jpg ,https:\/\/conccordcars.com\/wp-content\/uploads\/2023\/12\/lmc2.jpg 780w, https:\/\/conccordcars.com\/wp-content\/uploads\/2023\/12\/lmc2.jpg 360w\" data-sizes=\"auto, (max-width: 480px) 150px\" data-src=\"https:\/\/conccordcars.com\/wp-content\/uploads\/2023\/12\/lmc2.jpg\" alt=\"Car hire in La Manga Club\" class=\"uag-image-6352 lazyload\" width=\"417\" height=\"273\" title=\"Alquilar un coche en La Manga Club\" role=\"img\" src=\"data:image\/svg+xml;base64,PHN2ZyB3aWR0aD0iMSIgaGVpZ2h0PSIxIiB4bWxucz0iaHR0cDovL3d3dy53My5vcmcvMjAwMC9zdmciPjwvc3ZnPg==\" style=\"--smush-placeholder-width: 417px; --smush-placeholder-aspect-ratio: 417\/273;\" \/><\/a><\/figure><\/div>\n\n\n\n<p class=\"has-text-align-center\"><a href=\"https:\/\/conccordcars.com\/es\/car-hire-in-la-manga-club\/\"><strong>M\u00e1s informaci\u00f3n sobre el alquiler de coches en La Manga Club<\/strong><\/a><\/p>\n<\/div>\n<\/div><\/div>\n<\/div><\/div>\n\n\n\n<div class=\"wp-block-uagb-container uagb-block-21ad89a8 alignfull uagb-is-root-container\"><div class=\"uagb-container-inner-blocks-wrap\">\n<h2 class=\"wp-block-heading\">\u00bfNo sabes si llegamos hasta tu alojamiento?<\/h2>\n\n\n\n<p>Si te alojas cerca de La Manga o La Manga Club y no est\u00e1s seguro de si podemos entregar el coche en tu alojamiento, ponte en contacto con nosotros y te lo confirmamos.<\/p>\n\n\n\n<div class=\"wp-block-uagb-buttons uagb-buttons__outer-wrap uagb-btn__default-btn uagb-btn-tablet__default-btn uagb-btn-mobile__default-btn uagb-block-0877cb4a\"><div class=\"uagb-buttons__wrap uagb-buttons-layout-wrap\">\n<div class=\"wp-block-uagb-buttons-child uagb-buttons__outer-wrap uagb-block-609309ad wp-block-button\"><div class=\"uagb-button__wrapper\"><a class=\"uagb-buttons-repeater wp-block-button__link\" aria-label=\"\" href=\"https:\/\/conccordcars.com\/es\/contact-us\/\" rel=\"follow noopener\" target=\"_self\" role=\"button\"><div class=\"uagb-button__link\">Contactanos<\/div><\/a><\/div><\/div>\n<\/div><\/div>\n\n\n\n<div class=\"wp-block-group is-layout-constrained wp-block-group-is-layout-constrained\"><div class=\"wp-block-group__inner-container\">\n<p class=\"has-text-align-center\"><strong>Sin esperas. Sin colas. Solo t\u00fa, tu coche y la carretera.<\/strong><\/p>\n<\/div><\/div>\n<\/div><\/div>","protected":false},"excerpt":{"rendered":"<p>Car hire in La Manga, La Manga Club, Murcia &amp; Alicante Airports We offer free delivery and collection in La [&hellip;]<\/p>\n","protected":false},"author":4,"featured_media":3633,"parent":0,"menu_order":0,"comment_status":"closed","ping_status":"closed","template":"","meta":{"_uag_custom_page_level_css":"","site-sidebar-layout":"default","site-content-layout":"","ast-site-content-layout":"default","site-content-style":"default","site-sidebar-style":"default","ast-global-header-display":"","ast-banner-title-visibility":"","ast-main-header-display":"","ast-hfb-above-header-display":"","ast-hfb-below-header-display":"","ast-hfb-mobile-header-display":"","site-post-title":"disabled","ast-breadcrumbs-content":"","ast-featured-img":"","footer-sml-layout":"","ast-disable-related-posts":"","theme-transparent-header-meta":"","adv-header-id-meta":"","stick-header-meta":"","header-above-stick-meta":"","header-main-stick-meta":"","header-below-stick-meta":"","astra-migrate-meta-layouts":"set","ast-page-background-enabled":"default","ast-page-background-meta":{"desktop":{"background-color":"var(--ast-global-color-4)","background-image":"","background-repeat":"repeat","background-position":"center center","background-size":"auto","background-attachment":"scroll","background-type":"","background-media":"","overlay-type":"","overlay-color":"","overlay-opacity":"","overlay-gradient":""},"tablet":{"background-color":"","background-image":"","background-repeat":"repeat","background-position":"center center","background-size":"auto","background-attachment":"scroll","background-type":"","background-media":"","overlay-type":"","overlay-color":"","overlay-opacity":"","overlay-gradient":""},"mobile":{"background-color":"","background-image":"","background-repeat":"repeat","background-position":"center center","background-size":"auto","background-attachment":"scroll","background-type":"","background-media":"","overlay-type":"","overlay-color":"","overlay-opacity":"","overlay-gradient":""}},"ast-content-background-meta":{"desktop":{"background-color":"var(--ast-global-color-5)","background-image":"","background-repeat":"repeat","background-position":"center center","background-size":"auto","background-attachment":"scroll","background-type":"","background-media":"","overlay-type":"","overlay-color":"","overlay-opacity":"","overlay-gradient":""},"tablet":{"background-color":"var(--ast-global-color-5)","background-image":"","background-repeat":"repeat","background-position":"center center","background-size":"auto","background-attachment":"scroll","background-type":"","background-media":"","overlay-type":"","overlay-color":"","overlay-opacity":"","overlay-gradient":""},"mobile":{"background-color":"var(--ast-global-color-5)","background-image":"","background-repeat":"repeat","background-position":"center center","background-size":"auto","background-attachment":"scroll","background-type":"","background-media":"","overlay-type":"","overlay-color":"","overlay-opacity":"","overlay-gradient":""}},"_joinchat":[],"footnotes":""},"class_list":["post-8159","page","type-page","status-publish","has-post-thumbnail","hentry"],"uagb_featured_image_src":{"full":["https:\/\/conccordcars.com\/wp-content\/uploads\/2022\/02\/brexit3.jpg",320,213,false],"thumbnail":["https:\/\/conccordcars.com\/wp-content\/uploads\/2022\/02\/brexit3-230x213.jpg",230,213,true],"medium":["https:\/\/conccordcars.com\/wp-content\/uploads\/2022\/02\/brexit3.jpg",320,213,false],"medium_large":["https:\/\/conccordcars.com\/wp-content\/uploads\/2022\/02\/brexit3.jpg",320,213,false],"large":["https:\/\/conccordcars.com\/wp-content\/uploads\/2022\/02\/brexit3.jpg",320,213,false],"1536x1536":["https:\/\/conccordcars.com\/wp-content\/uploads\/2022\/02\/brexit3.jpg",320,213,false],"2048x2048":["https:\/\/conccordcars.com\/wp-content\/uploads\/2022\/02\/brexit3.jpg",320,213,false],"trp-custom-language-flag":["https:\/\/conccordcars.com\/wp-content\/uploads\/2022\/02\/brexit3-18x12.jpg",18,12,true]},"uagb_author_info":{"display_name":"Javier","author_link":"https:\/\/conccordcars.com\/es\/news\/author\/javier\/"},"uagb_comment_info":0,"uagb_excerpt":"Car hire in La Manga, La Manga Club, Murcia &amp; Alicante Airports We offer free delivery and collection in La [&hellip;]","_links":{"self":[{"href":"https:\/\/conccordcars.com\/es\/wp-json\/wp\/v2\/pages\/8159","targetHints":{"allow":["GET"]}}],"collection":[{"href":"https:\/\/conccordcars.com\/es\/wp-json\/wp\/v2\/pages"}],"about":[{"href":"https:\/\/conccordcars.com\/es\/wp-json\/wp\/v2\/types\/page"}],"author":[{"embeddable":true,"href":"https:\/\/conccordcars.com\/es\/wp-json\/wp\/v2\/users\/4"}],"replies":[{"embeddable":true,"href":"https:\/\/conccordcars.com\/es\/wp-json\/wp\/v2\/comments?post=8159"}],"version-history":[{"count":91,"href":"https:\/\/conccordcars.com\/es\/wp-json\/wp\/v2\/pages\/8159\/revisions"}],"predecessor-version":[{"id":9414,"href":"https:\/\/conccordcars.com\/es\/wp-json\/wp\/v2\/pages\/8159\/revisions\/9414"}],"wp:featuredmedia":[{"embeddable":true,"href":"https:\/\/conccordcars.com\/es\/wp-json\/wp\/v2\/media\/3633"}],"wp:attachment":[{"href":"https:\/\/conccordcars.com\/es\/wp-json\/wp\/v2\/media?parent=8159"}],"curies":[{"name":"wp","href":"https:\/\/api.w.org\/{rel}","templated":true}]}}