{"id":8389,"date":"2025-05-27T19:37:24","date_gmt":"2025-05-27T17:37:24","guid":{"rendered":"https:\/\/conccordcars.com\/?page_id=8389"},"modified":"2026-04-04T19:48:54","modified_gmt":"2026-04-04T17:48:54","slug":"contact-us","status":"publish","type":"page","link":"https:\/\/conccordcars.com\/es\/contact-us\/","title":{"rendered":"Contacto"},"content":{"rendered":"<div class=\"wp-block-uagb-advanced-heading uagb-block-7565649c\"><h1 class=\"uagb-heading-text\">Contacto<\/h1><\/div>\n\n\n\n<div class=\"wp-block-group is-layout-constrained wp-container-core-group-is-layout-c748ba87 wp-block-group-is-layout-constrained\" style=\"padding-left:var(--wp--preset--spacing--40)\"><div class=\"wp-block-group__inner-container\">\n<p class=\"has-medium-font-size\"><strong>\u00bfNecesitas ayuda con tu reserva o presupuesto?<\/strong><\/p>\n\n\n\n<p class=\"has-medium-font-size\"><strong>Rellena el formulario y nos pondremos en contacto contigo en menos de 24 horas. <\/strong><\/p>\n\n\n\n<p class=\"has-medium-font-size\"><strong>R\u00e1pido, sencillo y personalizado.<\/strong><\/p>\n<\/div><\/div>\n\n\n\n<div class=\"wp-block-columns are-vertically-aligned-center is-layout-flex wp-container-core-columns-is-layout-954ec4bb wp-block-columns-is-layout-flex\" style=\"padding-right:var(--wp--preset--spacing--40);padding-left:var(--wp--preset--spacing--40)\">\n<div class=\"wp-block-column is-vertically-aligned-center is-layout-flow wp-block-column-is-layout-flow\">\n<p><strong><mark style=\"background-color:rgba(0, 0, 0, 0)\" class=\"has-inline-color has-ast-global-color-0-color\">\u2192<\/mark>&nbsp;\u00bfTienes alguna duda?<\/strong><br>\u00bfNecesitas m\u00e1s informaci\u00f3n o algo especial para tu alquiler?<\/p>\n\n\n\n<p>Estamos aqu\u00ed para ayudarte.<\/p>\n\n\n\n<p class=\"translation-block\">En<span style=\"color: #004aad\"> <strong data-start=\"198\" data-end=\"214\" class=\"skrollable skrollable-between\">Conccordcars<\/strong><\/span>, nos encantar\u00e1 atenderte y resolver cualquier pregunta que tengas.<\/p>\n\n\n\n<p>Puedes contactarnos de la manera que te resulte m\u00e1s c\u00f3moda:<\/p>\n\n\n\n<p><strong><mark style=\"background-color:rgba(0, 0, 0, 0)\" class=\"has-inline-color has-ast-global-color-0-color\">\u2192<\/mark>&nbsp;Nuestro e-mail<\/strong>:<\/p>\n\n\n\n<p><a href=\"mailto:mail@conccordcars.com\">mail@conccordcars.com<\/a><\/p>\n\n\n\n<p><strong><mark style=\"background-color:rgba(0, 0, 0, 0)\" class=\"has-inline-color has-ast-global-color-0-color\">\u2192<\/mark> Nuestros n\u00fameros de tel\u00e9fono:<\/strong><\/p>\n\n\n\n<p><a href=\"tel:+34968145101\">(+34) 968 14 51 01<\/a><\/p>\n\n\n\n<p><a href=\"tel:+34686452961\">(+34) 686 45 29 61<\/a><\/p>\n\n\n\n<p><strong><mark style=\"background-color:rgba(0, 0, 0, 0)\" class=\"has-inline-color has-ast-global-color-0-color\">\u2192<\/mark> Nuestras <\/strong><a href=\"https:\/\/conccordcars.com\/es\/car-hire-faqs\/\">FAQ's<\/a><\/p>\n<\/div>\n\n\n\n<div class=\"wp-block-column is-vertically-aligned-center is-layout-flow wp-block-column-is-layout-flow\" style=\"padding-bottom:var(--wp--preset--spacing--30)\">\n<p><strong><mark style=\"background-color:rgba(0, 0, 0, 0)\" class=\"has-inline-color has-ast-global-color-0-color\">\u2192<\/mark>&nbsp;Nuestro formulario<\/strong><\/p>\n\n\n\n<div class=\"forminator-guttenberg\"><div class=\"forminator-ui forminator-custom-form forminator-custom-form-8575 forminator-design--default  forminator_ajax\" data-forminator-render=\"0\" data-form=\"forminator-module-8575\" data-uid=\"69e74a3dccaa6\"><br\/><\/div><form\n\t\t\t\tid=\"forminator-module-8575\"\n\t\t\t\tclass=\"forminator-ui forminator-custom-form forminator-custom-form-8575 forminator-design--default  forminator_ajax\"\n\t\t\t\tmethod=\"post\"\n\t\t\t\tdata-forminator-render=\"0\"\n\t\t\t\tdata-form-id=\"8575\"\n\t\t\t\t data-color-option=\"theme\" data-design=\"default\" data-grid=\"open\" style=\"display: none;\"\n\t\t\t\tdata-uid=\"69e74a3dccaa6\" action=\"\"\n\t\t\t><div role=\"alert\" aria-live=\"polite\" class=\"forminator-response-message forminator-error\" aria-hidden=\"true\"><\/div><div class=\"forminator-row\"><div id=\"name-1\" class=\"forminator-field-name forminator-col forminator-col-12\"><div class=\"forminator-field\"><label for=\"forminator-field-name-1_69e74a3dccaa6\" id=\"forminator-field-name-1_69e74a3dccaa6-label\" class=\"forminator-label\">Nombre <span class=\"forminator-required\">*<\/span><\/label><input type=\"text\" name=\"name-1\" value=\"\" placeholder=\"\" id=\"forminator-field-name-1_69e74a3dccaa6\" class=\"forminator-input forminator-name--field\" aria-required=\"true\" autocomplete=\"name\" \/><\/div><\/div><\/div><div class=\"forminator-row\"><div id=\"email-1\" class=\"forminator-field-email forminator-col forminator-col-12\"><div class=\"forminator-field\"><label for=\"forminator-field-email-1_69e74a3dccaa6\" id=\"forminator-field-email-1_69e74a3dccaa6-label\" class=\"forminator-label\">E-mail <span class=\"forminator-required\">*<\/span><\/label><input type=\"email\" name=\"email-1\" value=\"\" placeholder=\"\" id=\"forminator-field-email-1_69e74a3dccaa6\" class=\"forminator-input forminator-email--field\" data-required=\"true\" aria-required=\"true\" autocomplete=\"email\" \/><\/div><\/div><\/div><div class=\"forminator-row\"><div id=\"text-1\" class=\"forminator-field-text forminator-col forminator-col-12\"><div class=\"forminator-field\"><label for=\"forminator-field-text-1_69e74a3dccaa6\" id=\"forminator-field-text-1_69e74a3dccaa6-label\" class=\"forminator-label\">Asunto<\/label><input type=\"text\" name=\"text-1\" value=\"\" placeholder=\"\" id=\"forminator-field-text-1_69e74a3dccaa6\" class=\"forminator-input forminator-name--field\" data-required=\"\" \/><\/div><\/div><\/div><div class=\"forminator-row\"><div id=\"textarea-1\" class=\"forminator-field-textarea forminator-col forminator-col-12\"><div class=\"forminator-field\"><label for=\"forminator-field-textarea-1_69e74a3dccaa6\" id=\"forminator-field-textarea-1_69e74a3dccaa6-label\" class=\"forminator-label\">Mensaje<\/label><span id=\"forminator-field-textarea-1_69e74a3dccaa6-description\" class=\"forminator-description\"><span data-limit=\"180\" data-type=\"characters\" data-editor=\"\">0 \/ 180<\/span><\/span><textarea name=\"textarea-1\" placeholder=\"\" id=\"forminator-field-textarea-1_69e74a3dccaa6\" class=\"forminator-textarea\" rows=\"6\" style=\"min-height:140px;\" maxlength=\"180\" ><\/textarea><\/div><\/div><\/div><div class=\"forminator-row\"><div id=\"consent-1\" class=\"forminator-field-consent forminator-col forminator-col-12\"><div class=\"forminator-field\"><label for=\"forminator-field-consent-1_69e74a3dccaa6\" id=\"forminator-field-consent-1_69e74a3dccaa6-label\" class=\"forminator-label\">Consentimiento <span class=\"forminator-required\">*<\/span><\/label><div class=\"forminator-checkbox__wrapper\"><label id=\"forminator-field-consent-1_69e74a3dccaa6__label\" class=\"forminator-checkbox forminator-consent\"><input type=\"checkbox\" name=\"consent-1\" id=\"forminator-field-consent-1_69e74a3dccaa6\" value=\"checked\" aria-labelledby=\"forminator-field-consent-1_69e74a3dccaa6-label\" aria-describedby=\"forminator-field-consent-1_69e74a3dccaa6__description\" data-required=\"true\" aria-required=\"true\" \/><span class=\"forminator-checkbox-box\" aria-hidden=\"true\"><\/span><\/label><div id=\"forminator-field-consent-1_69e74a3dccaa6__description\" class=\"forminator-checkbox__label forminator-consent__label\"><p>Informaci\u00f3n b\u00e1sica sobre la protecci\u00f3n de datos:<\/p>\n<p><b>Responsable: <\/b>Conccordcars S.L.<b> Prop\u00f3sito<\/b> Gestionar el env\u00edo de informaci\u00f3n y la prospecci\u00f3n comercial y dar acceso a los productos en l\u00ednea.<b> Legitimaci\u00f3n:<\/b> Consentimiento del interesado.<b> Destinatarios:<\/b>Empresas proveedoras nacionales y proveedores de tratamiento bajo el escudo de la privacidad. <b>Derechos:<\/b> Acceder, rectificar y eliminar los datos, as\u00ed como otros derechos que se explican en la informaci\u00f3n adicional.*<\/p><\/div><\/div><\/div><\/div><\/div><div class=\"forminator-row\"><div id=\"checkbox-1\" class=\"forminator-field-checkbox forminator-col forminator-col-12\"><div role=\"group\" class=\"forminator-field required\" aria-labelledby=\"forminator-checkbox-group-forminator-field-checkbox-1-69e74a3dccaa6-label\"><span id=\"forminator-checkbox-group-forminator-field-checkbox-1-69e74a3dccaa6-label\" class=\"forminator-label\">Pol\u00edtica de Privacidad <span class=\"forminator-required\">*<\/span><\/span><label id=\"forminator-field-checkbox-1-1-69e74a3dccaa6-label\" for=\"forminator-field-checkbox-1-1-69e74a3dccaa6\" class=\"forminator-checkbox\" title=\"Acepto la Pol\u00edtica de Privacidad\"><input type=\"checkbox\" name=\"checkbox-1[]\" value=\"one\" id=\"forminator-field-checkbox-1-1-69e74a3dccaa6\" aria-labelledby=\"forminator-field-checkbox-1-1-69e74a3dccaa6-label\" data-calculation=\"0\"   data-hidden-behavior=\"zero\"\/><span class=\"forminator-checkbox-box\" aria-hidden=\"true\"><\/span><span class=\"forminator-checkbox-label\">Acepto la Pol\u00edtica de Privacidad<\/span><\/label><\/div><\/div><\/div><input type=\"hidden\" name=\"referer_url\" value=\"\" \/><div class=\"forminator-row forminator-row-last\"><div class=\"forminator-col\"><div class=\"forminator-field\"><button class=\"forminator-button forminator-button-submit\">Enviar Mensaje<\/button><\/div><\/div><\/div><input type=\"hidden\" id=\"forminator_nonce\" name=\"forminator_nonce\" value=\"fed28129d0\" \/><input type=\"hidden\" name=\"_wp_http_referer\" value=\"\/es\/wp-json\/wp\/v2\/pages\/8389\" \/><input type=\"hidden\" name=\"form_id\" value=\"8575\"><input type=\"hidden\" name=\"page_id\" value=\"8389\"><input type=\"hidden\" name=\"form_type\" value=\"default\"><input type=\"hidden\" name=\"current_url\" value=\"https:\/\/conccordcars.com\/es\/contact-us\/\"><input type=\"hidden\" name=\"render_id\" value=\"0\"><input type=\"hidden\" name=\"action\" value=\"forminator_submit_form_custom-forms\"><label for=\"input_7\" class=\"forminator-hidden\" aria-hidden=\"true\">Por favor, no rellenes este campo. <input id=\"input_7\" type=\"text\" name=\"input_7\" value=\"\" autocomplete=\"off\"><\/label><input type=\"hidden\" name=\"trp-form-language\" value=\"es\"\/><\/form><\/div>\n<\/div>\n<\/div>","protected":false},"excerpt":{"rendered":"<p>Contact Us Need help with your booking or want a quote? Fill in the form and we'll get back to [&hellip;]<\/p>\n","protected":false},"author":4,"featured_media":7884,"parent":0,"menu_order":0,"comment_status":"closed","ping_status":"closed","template":"","meta":{"_uag_custom_page_level_css":"","site-sidebar-layout":"no-sidebar","site-content-layout":"plain-container","ast-site-content-layout":"default","site-content-style":"default","site-sidebar-style":"default","ast-global-header-display":"","ast-banner-title-visibility":"","ast-main-header-display":"","ast-hfb-above-header-display":"","ast-hfb-below-header-display":"","ast-hfb-mobile-header-display":"","site-post-title":"disabled","ast-breadcrumbs-content":"","ast-featured-img":"disabled","footer-sml-layout":"","ast-disable-related-posts":"","theme-transparent-header-meta":"default","adv-header-id-meta":"","stick-header-meta":"","header-above-stick-meta":"","header-main-stick-meta":"","header-below-stick-meta":"","astra-migrate-meta-layouts":"set","ast-page-background-enabled":"default","ast-page-background-meta":{"desktop":{"background-color":"var(--ast-global-color-4)","background-image":"","background-repeat":"repeat","background-position":"center center","background-size":"auto","background-attachment":"scroll","background-type":"","background-media":"","overlay-type":"","overlay-color":"","overlay-opacity":"","overlay-gradient":""},"tablet":{"background-color":"","background-image":"","background-repeat":"repeat","background-position":"center center","background-size":"auto","background-attachment":"scroll","background-type":"","background-media":"","overlay-type":"","overlay-color":"","overlay-opacity":"","overlay-gradient":""},"mobile":{"background-color":"","background-image":"","background-repeat":"repeat","background-position":"center center","background-size":"auto","background-attachment":"scroll","background-type":"","background-media":"","overlay-type":"","overlay-color":"","overlay-opacity":"","overlay-gradient":""}},"ast-content-background-meta":{"desktop":{"background-color":"var(--ast-global-color-5)","background-image":"","background-repeat":"repeat","background-position":"center center","background-size":"auto","background-attachment":"scroll","background-type":"","background-media":"","overlay-type":"","overlay-color":"","overlay-opacity":"","overlay-gradient":""},"tablet":{"background-color":"var(--ast-global-color-5)","background-image":"","background-repeat":"repeat","background-position":"center center","background-size":"auto","background-attachment":"scroll","background-type":"","background-media":"","overlay-type":"","overlay-color":"","overlay-opacity":"","overlay-gradient":""},"mobile":{"background-color":"var(--ast-global-color-5)","background-image":"","background-repeat":"repeat","background-position":"center center","background-size":"auto","background-attachment":"scroll","background-type":"","background-media":"","overlay-type":"","overlay-color":"","overlay-opacity":"","overlay-gradient":""}},"_joinchat":[],"footnotes":""},"class_list":["post-8389","page","type-page","status-publish","has-post-thumbnail","hentry"],"uagb_featured_image_src":{"full":["https:\/\/conccordcars.com\/wp-content\/uploads\/2025\/04\/path1.png",129,186,false],"thumbnail":["https:\/\/conccordcars.com\/wp-content\/uploads\/2025\/04\/path1.png",129,186,false],"medium":["https:\/\/conccordcars.com\/wp-content\/uploads\/2025\/04\/path1.png",129,186,false],"medium_large":["https:\/\/conccordcars.com\/wp-content\/uploads\/2025\/04\/path1.png",129,186,false],"large":["https:\/\/conccordcars.com\/wp-content\/uploads\/2025\/04\/path1.png",129,186,false],"1536x1536":["https:\/\/conccordcars.com\/wp-content\/uploads\/2025\/04\/path1.png",129,186,false],"2048x2048":["https:\/\/conccordcars.com\/wp-content\/uploads\/2025\/04\/path1.png",129,186,false],"trp-custom-language-flag":["https:\/\/conccordcars.com\/wp-content\/uploads\/2025\/04\/path1-8x12.png",8,12,true]},"uagb_author_info":{"display_name":"Javier","author_link":"https:\/\/conccordcars.com\/es\/news\/author\/javier\/"},"uagb_comment_info":0,"uagb_excerpt":"Contact Us Need help with your booking or want a quote? Fill in the form and we'll get back to [&hellip;]","_links":{"self":[{"href":"https:\/\/conccordcars.com\/es\/wp-json\/wp\/v2\/pages\/8389","targetHints":{"allow":["GET"]}}],"collection":[{"href":"https:\/\/conccordcars.com\/es\/wp-json\/wp\/v2\/pages"}],"about":[{"href":"https:\/\/conccordcars.com\/es\/wp-json\/wp\/v2\/types\/page"}],"author":[{"embeddable":true,"href":"https:\/\/conccordcars.com\/es\/wp-json\/wp\/v2\/users\/4"}],"replies":[{"embeddable":true,"href":"https:\/\/conccordcars.com\/es\/wp-json\/wp\/v2\/comments?post=8389"}],"version-history":[{"count":54,"href":"https:\/\/conccordcars.com\/es\/wp-json\/wp\/v2\/pages\/8389\/revisions"}],"predecessor-version":[{"id":9837,"href":"https:\/\/conccordcars.com\/es\/wp-json\/wp\/v2\/pages\/8389\/revisions\/9837"}],"wp:featuredmedia":[{"embeddable":true,"href":"https:\/\/conccordcars.com\/es\/wp-json\/wp\/v2\/media\/7884"}],"wp:attachment":[{"href":"https:\/\/conccordcars.com\/es\/wp-json\/wp\/v2\/media?parent=8389"}],"curies":[{"name":"wp","href":"https:\/\/api.w.org\/{rel}","templated":true}]}}