{"id":8566,"date":"2025-07-13T18:02:42","date_gmt":"2025-07-13T16:02:42","guid":{"rendered":"https:\/\/conccordcars.com\/?page_id=8566"},"modified":"2025-07-13T18:13:49","modified_gmt":"2025-07-13T16:13:49","slug":"opinion","status":"publish","type":"page","link":"https:\/\/conccordcars.com\/es\/opinion\/","title":{"rendered":"Opini\u00f3n"},"content":{"rendered":"<h1 class=\"wp-block-heading has-text-align-center\" style=\"padding-top:var(--wp--preset--spacing--30)\">\u00bfC\u00f3mo fue tu viaje?<\/h1>\n\n\n\n<p>Siempre buscamos mejorar, y tu opini\u00f3n marca la diferencia.<\/p>\n\n\n\n<p>Cu\u00e9ntanos qu\u00e9 funcion\u00f3, qu\u00e9 no\u2026 o qu\u00e9 te sorprendi\u00f3.<br><strong>Te tomar\u00e1 solo un minuto, y para nosotros vale oro.<\/strong><\/p>\n\n\n\n<div class=\"wp-block-uagb-container uagb-block-65a8410d alignfull uagb-is-root-container\"><div class=\"uagb-container-inner-blocks-wrap\">\n<div class=\"wp-block-uagb-container uagb-block-003214ed\"><\/div>\n\n\n\n<div class=\"wp-block-uagb-container uagb-block-c17826d3\">\n<iframe data-src=\"https:\/\/docs.google.com\/forms\/d\/e\/1FAIpQLSeWaQt3jrV-1h1XDTwmPwikYQj6A_hzwW0p0qQVcJjCxZ0ggw\/viewform?embedded=true\" width=\"750\" height=\"600\" frameborder=\"0\" marginheight=\"0\" marginwidth=\"0\" src=\"data:image\/svg+xml;base64,PHN2ZyB3aWR0aD0iMSIgaGVpZ2h0PSIxIiB4bWxucz0iaHR0cDovL3d3dy53My5vcmcvMjAwMC9zdmciPjwvc3ZnPg==\" class=\"lazyload\" data-load-mode=\"1\">Cargando\u2026<\/iframe>\n<\/div>\n\n\n\n<div class=\"wp-block-uagb-container uagb-block-9f5e9d5b\"><\/div>\n<\/div><\/div>\n\n\n\n<p><\/p>","protected":false},"excerpt":{"rendered":"<p>\u00bfC\u00f3mo fue tu viaje? Siempre buscamos mejorar, y tu opini\u00f3n marca la diferencia. Cu\u00e9ntanos qu\u00e9 funcion\u00f3, qu\u00e9 no\u2026 o qu\u00e9 [&hellip;]<\/p>\n","protected":false},"author":4,"featured_media":0,"parent":0,"menu_order":0,"comment_status":"closed","ping_status":"closed","template":"","meta":{"_uag_custom_page_level_css":"","site-sidebar-layout":"default","site-content-layout":"","ast-site-content-layout":"default","site-content-style":"default","site-sidebar-style":"default","ast-global-header-display":"","ast-banner-title-visibility":"","ast-main-header-display":"","ast-hfb-above-header-display":"","ast-hfb-below-header-display":"","ast-hfb-mobile-header-display":"","site-post-title":"","ast-breadcrumbs-content":"","ast-featured-img":"","footer-sml-layout":"","ast-disable-related-posts":"","theme-transparent-header-meta":"","adv-header-id-meta":"","stick-header-meta":"","header-above-stick-meta":"","header-main-stick-meta":"","header-below-stick-meta":"","astra-migrate-meta-layouts":"set","ast-page-background-enabled":"default","ast-page-background-meta":{"desktop":{"background-color":"var(--ast-global-color-4)","background-image":"","background-repeat":"repeat","background-position":"center center","background-size":"auto","background-attachment":"scroll","background-type":"","background-media":"","overlay-type":"","overlay-color":"","overlay-opacity":"","overlay-gradient":""},"tablet":{"background-color":"","background-image":"","background-repeat":"repeat","background-position":"center center","background-size":"auto","background-attachment":"scroll","background-type":"","background-media":"","overlay-type":"","overlay-color":"","overlay-opacity":"","overlay-gradient":""},"mobile":{"background-color":"","background-image":"","background-repeat":"repeat","background-position":"center center","background-size":"auto","background-attachment":"scroll","background-type":"","background-media":"","overlay-type":"","overlay-color":"","overlay-opacity":"","overlay-gradient":""}},"ast-content-background-meta":{"desktop":{"background-color":"var(--ast-global-color-5)","background-image":"","background-repeat":"repeat","background-position":"center center","background-size":"auto","background-attachment":"scroll","background-type":"","background-media":"","overlay-type":"","overlay-color":"","overlay-opacity":"","overlay-gradient":""},"tablet":{"background-color":"var(--ast-global-color-5)","background-image":"","background-repeat":"repeat","background-position":"center center","background-size":"auto","background-attachment":"scroll","background-type":"","background-media":"","overlay-type":"","overlay-color":"","overlay-opacity":"","overlay-gradient":""},"mobile":{"background-color":"var(--ast-global-color-5)","background-image":"","background-repeat":"repeat","background-position":"center center","background-size":"auto","background-attachment":"scroll","background-type":"","background-media":"","overlay-type":"","overlay-color":"","overlay-opacity":"","overlay-gradient":""}},"_joinchat":[],"footnotes":""},"class_list":["post-8566","page","type-page","status-publish","hentry"],"uagb_featured_image_src":{"full":false,"thumbnail":false,"medium":false,"medium_large":false,"large":false,"1536x1536":false,"2048x2048":false,"trp-custom-language-flag":false},"uagb_author_info":{"display_name":"Javier","author_link":"https:\/\/conccordcars.com\/es\/news\/author\/javier\/"},"uagb_comment_info":0,"uagb_excerpt":"\u00bfC\u00f3mo fue tu viaje? Siempre buscamos mejorar, y tu opini\u00f3n marca la diferencia. Cu\u00e9ntanos qu\u00e9 funcion\u00f3, qu\u00e9 no\u2026 o qu\u00e9 [&hellip;]","_links":{"self":[{"href":"https:\/\/conccordcars.com\/es\/wp-json\/wp\/v2\/pages\/8566","targetHints":{"allow":["GET"]}}],"collection":[{"href":"https:\/\/conccordcars.com\/es\/wp-json\/wp\/v2\/pages"}],"about":[{"href":"https:\/\/conccordcars.com\/es\/wp-json\/wp\/v2\/types\/page"}],"author":[{"embeddable":true,"href":"https:\/\/conccordcars.com\/es\/wp-json\/wp\/v2\/users\/4"}],"replies":[{"embeddable":true,"href":"https:\/\/conccordcars.com\/es\/wp-json\/wp\/v2\/comments?post=8566"}],"version-history":[{"count":3,"href":"https:\/\/conccordcars.com\/es\/wp-json\/wp\/v2\/pages\/8566\/revisions"}],"predecessor-version":[{"id":8574,"href":"https:\/\/conccordcars.com\/es\/wp-json\/wp\/v2\/pages\/8566\/revisions\/8574"}],"wp:attachment":[{"href":"https:\/\/conccordcars.com\/es\/wp-json\/wp\/v2\/media?parent=8566"}],"curies":[{"name":"wp","href":"https:\/\/api.w.org\/{rel}","templated":true}]}}