{"id":88,"date":"2018-10-03T19:44:54","date_gmt":"2018-10-03T19:44:54","guid":{"rendered":"http:\/\/con-cord-car-clone.local\/?page_id=88"},"modified":"2025-11-21T16:30:44","modified_gmt":"2025-11-21T15:30:44","slug":"general-conditions","status":"publish","type":"page","link":"https:\/\/conccordcars.com\/es\/general-conditions\/","title":{"rendered":"Condiciones Generales"},"content":{"rendered":"<header class=\"entry-header\">\n<h2 class=\"entry-title\">Los precios indicados en este sitio web incluyen:<\/h2>\n<\/header>\n<div class=\"entry-content\">\n<ul>\n<li>I.V.A<\/li>\n<li>Seguro a todo riesgo<strong> con franquicia<\/strong>.<\/li>\n<li>Kilometraje: ilimitado<\/li>\n<li>Entrega en aeropuertos (<strong>Murcia y\/o Alicante<\/strong>).<\/li>\n<\/ul>\n<h2>Los precios indicados en este sitio web no incluyen:<\/h2>\n<ul>\n<li>Seguro a todo riesgo <strong>sin franquicia<\/strong><\/li>\n<li>Extras como<strong> sillas de bebe o alzadores<\/strong>.<\/li>\n<li>Gasolina<\/li>\n<\/ul>\n<p>Los precios indicados en este sitio web est\u00e1n sujetos a cambios sin previo aviso.<\/p>\n<p>Los modelos especificados son s\u00f3lo ejemplos. Las reservas nunca ser\u00e1n para un modelo determinado. Las reservas son para un grupo determinado, y el veh\u00edculo entregado ser\u00e1 de tama\u00f1o y caracter\u00edsticas similares al del ejemplo.<\/p>\n<p>Para formalizar el contrato, el cliente deber\u00e1 aportar: DNI o pasaporte, carnet de conducir y tarjeta de cr\u00e9dito, todo ello v\u00e1lido en el momento del alquiler.<\/p>\n<h3>La tarjeta de cr\u00e9dito:<\/h3>\n<ul>\n<li>Servir\u00e1 como medio de pago del alquiler.<\/li>\n<li>Cubrir\u00e1 los gastos de reabastecimiento de combustible que puedan producirse al final del alquiler.<\/li>\n<li>Cubrir\u00e1 los gastos de la pr\u00f3rroga del contrato y\/o de la devoluci\u00f3n tard\u00eda del veh\u00edculo.<\/li>\n<li>Cubrir\u00e1 los gastos de los da\u00f1os, siempre que no se haya contratado el CDW.<\/li>\n<\/ul>\n<p>Edad m\u00ednima: 25 a\u00f1os y dos a\u00f1os de carnet de conducir.<\/p>\n<p>El cliente deber\u00e1 devolver el veh\u00edculo en el mismo estado en que lo recibi\u00f3, junto con su documentaci\u00f3n, ruedas, neum\u00e1ticos, herramientas y accesorios, en el lugar y en la fecha y hora estipulados en el contrato. Si el cliente desea ampliar la duraci\u00f3n del contrato, deber\u00e1 comunicarlo a Conccordcars S.L con una antelaci\u00f3n m\u00ednima de 24 horas a la finalizaci\u00f3n del alquiler, y acudir a cualquiera de nuestras oficinas para formalizar la ampliaci\u00f3n del contrato. Tanto la entrega como la devoluci\u00f3n del veh\u00edculo podr\u00e1n realizarse en cualquiera de nuestras oficinas, siempre que se especifique al realizar la reserva; el precio del alquiler podr\u00e1 variar en funci\u00f3n del lugar de entrega y devoluci\u00f3n.<\/p>\n<p>La responsabilidad de cualquier violaci\u00f3n de las normas de tr\u00e1fico ser\u00e1 del cliente. Conccordcars facilitar\u00e1 toda la informaci\u00f3n relativa al cliente que sea requerida por la autoridad competente.<\/p>\n<p>Conccordcars vehicles can not be driven outside mainland Spain. Specifically not be transported by ferry to the Canary and Balearic Islands or the autonomous cities of Ceuta and Melilla. The only exception to this condition is if the client obtains written permission from Conccordcars.<\/p>\n<p>Est\u00e1 estrictamente prohibido transportar animales o mercanc\u00edas que puedan da\u00f1ar, deteriorar o ensuciar el veh\u00edculo.<\/p>\n<h3>Condiciones del seguro.<\/h3>\n<p>El precio ofertado incluye una p\u00f3liza de seguro que incluye:<\/p>\n<ul>\n<li>Seguro obligatorio.<\/li>\n<li>La responsabilidad frente a terceros derivada del uso y circulaci\u00f3n del veh\u00edculo.<\/li>\n<li>Seguro de accidente con franquicia<\/li>\n<\/ul>\n<p>Es posible adquirir <strong>un seguro a todo Riesgo sin Franquicia<\/strong> En ning\u00fan caso el seguro cubrir\u00e1 lo siguiente:<\/p>\n<ul>\n<li>Neum\u00e1ticos y ruedas (grietas, pinchazos o cualquier da\u00f1o).<\/li>\n<li>Da\u00f1os a terceros o al propio veh\u00edculo por conducci\u00f3n negligente o temeraria.<\/li>\n<li>Da\u00f1os en los bajos o en el interior del veh\u00edculo.<\/li>\n<li>Repostaje de combustible equivocado.<\/li>\n<li>Llaves o mandos a distancia perdidos o rotos.<\/li>\n<li>Robo del veh\u00edculo con las llaves puestas.<\/li>\n<li>Da\u00f1os o situaciones causadas por la conducci\u00f3n bajo los efectos del alcohol y\/o las drogas.<\/li>\n<li>Da\u00f1os, p\u00e9rdidas o cualquier otro perjuicio sufrido en los equipos, bienes u objetos personales transportados en el veh\u00edculo.<\/li>\n<li>Da\u00f1os en las cerraduras.<\/li>\n<li>Da\u00f1os en el parabrisas o en la luneta trasera<\/li>\n<li>Damage or loss of accessories supplied with the vehicle (baby seats \/ child, aerial, car jack, security triangles, reflective vests, wipers, fuel tank cap, boot trays).<\/li>\n<li>Da\u00f1os en el embrague.<\/li>\n<\/ul>\n<\/div>\n<h5>(ConccordCars Mediterr\u00e1neo S.L no se hace responsable de los posibles cargos extras que su entidad bancaria pueda hacerle)<\/h5>","protected":false},"excerpt":{"rendered":"","protected":false},"author":1,"featured_media":0,"parent":0,"menu_order":0,"comment_status":"closed","ping_status":"closed","template":"","meta":{"_uag_custom_page_level_css":"","site-sidebar-layout":"default","site-content-layout":"","ast-site-content-layout":"default","site-content-style":"default","site-sidebar-style":"default","ast-global-header-display":"","ast-banner-title-visibility":"","ast-main-header-display":"","ast-hfb-above-header-display":"","ast-hfb-below-header-display":"","ast-hfb-mobile-header-display":"","site-post-title":"","ast-breadcrumbs-content":"","ast-featured-img":"","footer-sml-layout":"","ast-disable-related-posts":"","theme-transparent-header-meta":"","adv-header-id-meta":"","stick-header-meta":"","header-above-stick-meta":"","header-main-stick-meta":"","header-below-stick-meta":"","astra-migrate-meta-layouts":"set","ast-page-background-enabled":"default","ast-page-background-meta":{"desktop":{"background-color":"var(--ast-global-color-4)","background-image":"","background-repeat":"repeat","background-position":"center center","background-size":"auto","background-attachment":"scroll","background-type":"","background-media":"","overlay-type":"","overlay-color":"","overlay-opacity":"","overlay-gradient":""},"tablet":{"background-color":"","background-image":"","background-repeat":"repeat","background-position":"center center","background-size":"auto","background-attachment":"scroll","background-type":"","background-media":"","overlay-type":"","overlay-color":"","overlay-opacity":"","overlay-gradient":""},"mobile":{"background-color":"","background-image":"","background-repeat":"repeat","background-position":"center center","background-size":"auto","background-attachment":"scroll","background-type":"","background-media":"","overlay-type":"","overlay-color":"","overlay-opacity":"","overlay-gradient":""}},"ast-content-background-meta":{"desktop":{"background-color":"var(--ast-global-color-5)","background-image":"","background-repeat":"repeat","background-position":"center center","background-size":"auto","background-attachment":"scroll","background-type":"","background-media":"","overlay-type":"","overlay-color":"","overlay-opacity":"","overlay-gradient":""},"tablet":{"background-color":"var(--ast-global-color-5)","background-image":"","background-repeat":"repeat","background-position":"center center","background-size":"auto","background-attachment":"scroll","background-type":"","background-media":"","overlay-type":"","overlay-color":"","overlay-opacity":"","overlay-gradient":""},"mobile":{"background-color":"var(--ast-global-color-5)","background-image":"","background-repeat":"repeat","background-position":"center center","background-size":"auto","background-attachment":"scroll","background-type":"","background-media":"","overlay-type":"","overlay-color":"","overlay-opacity":"","overlay-gradient":""}},"_joinchat":[],"footnotes":""},"class_list":["post-88","page","type-page","status-publish","hentry"],"uagb_featured_image_src":{"full":false,"thumbnail":false,"medium":false,"medium_large":false,"large":false,"1536x1536":false,"2048x2048":false,"trp-custom-language-flag":false},"uagb_author_info":{"display_name":"Maausk","author_link":"https:\/\/conccordcars.com\/es\/news\/author\/maausk\/"},"uagb_comment_info":0,"uagb_excerpt":null,"_links":{"self":[{"href":"https:\/\/conccordcars.com\/es\/wp-json\/wp\/v2\/pages\/88","targetHints":{"allow":["GET"]}}],"collection":[{"href":"https:\/\/conccordcars.com\/es\/wp-json\/wp\/v2\/pages"}],"about":[{"href":"https:\/\/conccordcars.com\/es\/wp-json\/wp\/v2\/types\/page"}],"author":[{"embeddable":true,"href":"https:\/\/conccordcars.com\/es\/wp-json\/wp\/v2\/users\/1"}],"replies":[{"embeddable":true,"href":"https:\/\/conccordcars.com\/es\/wp-json\/wp\/v2\/comments?post=88"}],"version-history":[{"count":8,"href":"https:\/\/conccordcars.com\/es\/wp-json\/wp\/v2\/pages\/88\/revisions"}],"predecessor-version":[{"id":8972,"href":"https:\/\/conccordcars.com\/es\/wp-json\/wp\/v2\/pages\/88\/revisions\/8972"}],"wp:attachment":[{"href":"https:\/\/conccordcars.com\/es\/wp-json\/wp\/v2\/media?parent=88"}],"curies":[{"name":"wp","href":"https:\/\/api.w.org\/{rel}","templated":true}]}}